{"id":196,"date":"2024-04-07T23:57:32","date_gmt":"2024-04-07T21:57:32","guid":{"rendered":"https:\/\/www.agminvest.pl\/?page_id=196"},"modified":"2024-04-19T13:34:59","modified_gmt":"2024-04-19T11:34:59","slug":"polityka-prywatnosci-2","status":"publish","type":"page","link":"https:\/\/www.agminvest.pl\/?page_id=196","title":{"rendered":"Polityka prywatno\u015bci"},"content":{"rendered":"\t\t<div data-elementor-type=\"wp-page\" data-elementor-id=\"196\" class=\"elementor elementor-196\">\n\t\t\t\t<div class=\"elementor-element elementor-element-37cdc5a e-con-full e-flex e-con e-parent\" data-id=\"37cdc5a\" data-element_type=\"container\" data-settings=\"{&quot;background_background&quot;:&quot;classic&quot;}\" data-core-v316-plus=\"true\">\n\t\t\t\t<\/div>\n\t\t<div class=\"elementor-element elementor-element-9e5b327 e-flex e-con-boxed e-con e-parent\" data-id=\"9e5b327\" data-element_type=\"container\" data-core-v316-plus=\"true\">\n\t\t\t\t\t<div class=\"e-con-inner\">\n\t\t<div class=\"elementor-element elementor-element-6dc1b04 e-flex e-con-boxed e-con e-child\" data-id=\"6dc1b04\" data-element_type=\"container\">\n\t\t\t\t\t<div class=\"e-con-inner\">\n\t\t\t\t<div class=\"elementor-element elementor-element-a3b550a elementor-widget elementor-widget-heading\" data-id=\"a3b550a\" data-element_type=\"widget\" data-widget_type=\"heading.default\">\n\t\t\t\t<div class=\"elementor-widget-container\">\n\t\t\t<style>\/*! elementor - v3.20.0 - 26-03-2024 *\/\n.elementor-heading-title{padding:0;margin:0;line-height:1}.elementor-widget-heading .elementor-heading-title[class*=elementor-size-]>a{color:inherit;font-size:inherit;line-height:inherit}.elementor-widget-heading .elementor-heading-title.elementor-size-small{font-size:15px}.elementor-widget-heading .elementor-heading-title.elementor-size-medium{font-size:19px}.elementor-widget-heading .elementor-heading-title.elementor-size-large{font-size:29px}.elementor-widget-heading .elementor-heading-title.elementor-size-xl{font-size:39px}.elementor-widget-heading .elementor-heading-title.elementor-size-xxl{font-size:59px}<\/style><h2 class=\"elementor-heading-title elementor-size-default\">Polityka prywatno\u015bci<\/h2>\t\t<\/div>\n\t\t\t\t<\/div>\n\t\t\t\t<div class=\"elementor-element elementor-element-e2defdb elementor-widget-divider--view-line elementor-widget elementor-widget-divider\" data-id=\"e2defdb\" data-element_type=\"widget\" data-widget_type=\"divider.default\">\n\t\t\t\t<div class=\"elementor-widget-container\">\n\t\t\t<style>\/*! elementor - v3.20.0 - 26-03-2024 *\/\n.elementor-widget-divider{--divider-border-style:none;--divider-border-width:1px;--divider-color:#0c0d0e;--divider-icon-size:20px;--divider-element-spacing:10px;--divider-pattern-height:24px;--divider-pattern-size:20px;--divider-pattern-url:none;--divider-pattern-repeat:repeat-x}.elementor-widget-divider .elementor-divider{display:flex}.elementor-widget-divider .elementor-divider__text{font-size:15px;line-height:1;max-width:95%}.elementor-widget-divider .elementor-divider__element{margin:0 var(--divider-element-spacing);flex-shrink:0}.elementor-widget-divider .elementor-icon{font-size:var(--divider-icon-size)}.elementor-widget-divider .elementor-divider-separator{display:flex;margin:0;direction:ltr}.elementor-widget-divider--view-line_icon .elementor-divider-separator,.elementor-widget-divider--view-line_text .elementor-divider-separator{align-items:center}.elementor-widget-divider--view-line_icon .elementor-divider-separator:after,.elementor-widget-divider--view-line_icon .elementor-divider-separator:before,.elementor-widget-divider--view-line_text .elementor-divider-separator:after,.elementor-widget-divider--view-line_text .elementor-divider-separator:before{display:block;content:\"\";border-block-end:0;flex-grow:1;border-block-start:var(--divider-border-width) var(--divider-border-style) var(--divider-color)}.elementor-widget-divider--element-align-left .elementor-divider .elementor-divider-separator>.elementor-divider__svg:first-of-type{flex-grow:0;flex-shrink:100}.elementor-widget-divider--element-align-left .elementor-divider-separator:before{content:none}.elementor-widget-divider--element-align-left .elementor-divider__element{margin-left:0}.elementor-widget-divider--element-align-right .elementor-divider .elementor-divider-separator>.elementor-divider__svg:last-of-type{flex-grow:0;flex-shrink:100}.elementor-widget-divider--element-align-right .elementor-divider-separator:after{content:none}.elementor-widget-divider--element-align-right .elementor-divider__element{margin-right:0}.elementor-widget-divider--element-align-start .elementor-divider .elementor-divider-separator>.elementor-divider__svg:first-of-type{flex-grow:0;flex-shrink:100}.elementor-widget-divider--element-align-start .elementor-divider-separator:before{content:none}.elementor-widget-divider--element-align-start .elementor-divider__element{margin-inline-start:0}.elementor-widget-divider--element-align-end .elementor-divider .elementor-divider-separator>.elementor-divider__svg:last-of-type{flex-grow:0;flex-shrink:100}.elementor-widget-divider--element-align-end .elementor-divider-separator:after{content:none}.elementor-widget-divider--element-align-end .elementor-divider__element{margin-inline-end:0}.elementor-widget-divider:not(.elementor-widget-divider--view-line_text):not(.elementor-widget-divider--view-line_icon) .elementor-divider-separator{border-block-start:var(--divider-border-width) var(--divider-border-style) var(--divider-color)}.elementor-widget-divider--separator-type-pattern{--divider-border-style:none}.elementor-widget-divider--separator-type-pattern.elementor-widget-divider--view-line .elementor-divider-separator,.elementor-widget-divider--separator-type-pattern:not(.elementor-widget-divider--view-line) .elementor-divider-separator:after,.elementor-widget-divider--separator-type-pattern:not(.elementor-widget-divider--view-line) .elementor-divider-separator:before,.elementor-widget-divider--separator-type-pattern:not([class*=elementor-widget-divider--view]) .elementor-divider-separator{width:100%;min-height:var(--divider-pattern-height);-webkit-mask-size:var(--divider-pattern-size) 100%;mask-size:var(--divider-pattern-size) 100%;-webkit-mask-repeat:var(--divider-pattern-repeat);mask-repeat:var(--divider-pattern-repeat);background-color:var(--divider-color);-webkit-mask-image:var(--divider-pattern-url);mask-image:var(--divider-pattern-url)}.elementor-widget-divider--no-spacing{--divider-pattern-size:auto}.elementor-widget-divider--bg-round{--divider-pattern-repeat:round}.rtl .elementor-widget-divider .elementor-divider__text{direction:rtl}.e-con-inner>.elementor-widget-divider,.e-con>.elementor-widget-divider{width:var(--container-widget-width,100%);--flex-grow:var(--container-widget-flex-grow)}<\/style>\t\t<div class=\"elementor-divider\">\n\t\t\t<span class=\"elementor-divider-separator\">\n\t\t\t\t\t\t<\/span>\n\t\t<\/div>\n\t\t\t\t<\/div>\n\t\t\t\t<\/div>\n\t\t\t\t\t<\/div>\n\t\t\t\t<\/div>\n\t\t\t\t<div class=\"elementor-element elementor-element-22298ae elementor-widget elementor-widget-text-editor\" data-id=\"22298ae\" data-element_type=\"widget\" data-widget_type=\"text-editor.default\">\n\t\t\t\t<div class=\"elementor-widget-container\">\n\t\t\t<style>\/*! elementor - v3.20.0 - 26-03-2024 *\/\n.elementor-widget-text-editor.elementor-drop-cap-view-stacked .elementor-drop-cap{background-color:#69727d;color:#fff}.elementor-widget-text-editor.elementor-drop-cap-view-framed .elementor-drop-cap{color:#69727d;border:3px solid;background-color:transparent}.elementor-widget-text-editor:not(.elementor-drop-cap-view-default) .elementor-drop-cap{margin-top:8px}.elementor-widget-text-editor:not(.elementor-drop-cap-view-default) .elementor-drop-cap-letter{width:1em;height:1em}.elementor-widget-text-editor .elementor-drop-cap{float:left;text-align:center;line-height:1;font-size:50px}.elementor-widget-text-editor .elementor-drop-cap-letter{display:inline-block}<\/style>\t\t\t\t\t\t\t\t\t\t<\/div>\n\t\t\t\t<\/div>\n\t\t\t\t\t<\/div>\n\t\t\t\t<\/div>\n\t\t<div class=\"elementor-element elementor-element-a0b84ef e-flex e-con-boxed e-con e-parent\" data-id=\"a0b84ef\" data-element_type=\"container\" data-core-v316-plus=\"true\">\n\t\t\t\t\t<div class=\"e-con-inner\">\n\t\t\t\t<div class=\"elementor-element elementor-element-000dc96 elementor-widget elementor-widget-text-editor\" data-id=\"000dc96\" data-element_type=\"widget\" data-widget_type=\"text-editor.default\">\n\t\t\t\t<div class=\"elementor-widget-container\">\n\t\t\t\t\t\t\t<p class=\"pb-12\"><strong>1. Informacje og\u00f3lne<\/strong><\/p><ol><li>Niniejsza polityka dotyczy Serwisu www, funkcjonuj\u0105cego pod adresem url:\u00a0<b>agminvest.pl<\/b><\/li><li>Operatorem serwisu oraz Administratorem danych osobowych jest: AGM RENOV-INVEST SP\u00d3\u0141KA Z OGRANICZON\u0104 ODPOWIEDZIALNO\u015aCI\u0104 Adama Mickiewicza 19\/6, 60-833, Pozna\u0144<\/li><li>Adres kontaktowy poczty elektronicznej operatora: agm@agminvest.pl<\/li><li>Operator jest Administratorem Twoich danych osobowych w odniesieniu do danych podanych dobrowolnie w Serwisie.<\/li><li>Serwis wykorzystuje dane osobowe w nast\u0119puj\u0105cych celach:<ul><li>Prezentacja oferty lub informacji<\/li><\/ul><\/li><li>Serwis realizuje funkcje pozyskiwania informacji o u\u017cytkownikach i ich zachowaniu w nast\u0119puj\u0105cy spos\u00f3b:<ol><li>Poprzez dobrowolnie wprowadzone w formularzach dane, kt\u00f3re zostaj\u0105 wprowadzone do system\u00f3w Operatora.<\/li><li>Poprzez zapisywanie w urz\u0105dzeniach ko\u0144cowych plik\u00f3w cookie (tzw. \u201eciasteczka\u201d).<\/li><\/ol><\/li><\/ol><p class=\"pb-12\"><strong>2. Wybrane metody ochrony danych stosowane przez Operatora<\/strong><\/p><ol><li>Miejsca logowania i wprowadzania danych osobowych s\u0105 chronione w warstwie transmisji (certyfikat SSL). Dzi\u0119ki temu dane osobowe i dane logowania, wprowadzone na stronie, zostaj\u0105 zaszyfrowane w komputerze u\u017cytkownika i mog\u0105 by\u0107 odczytane jedynie na docelowym serwerze.<\/li><li>Operator okresowo zmienia swoje has\u0142a administracyjne.<\/li><li>W celu ochrony danych Operator regularnie wykonuje kopie bezpiecze\u0144stwa.<\/li><li>Istotnym elementem ochrony danych jest regularna aktualizacja wszelkiego oprogramowania, wykorzystywanego przez Operatora do przetwarzania danych osobowych, co w szczeg\u00f3lno\u015bci oznacza regularne aktualizacje komponent\u00f3w programistycznych.<\/li><\/ol><p class=\"pb-12\"><strong>3. Hosting<\/strong><\/p><ol><li>Serwis jest hostowany (technicznie utrzymywany) na serwerach operatora: livehost.pl<\/li><li>Firma hostingowa w celu zapewnienia niezawodno\u015bci technicznej prowadzi logi na poziomie serwera. Zapisowi mog\u0105 podlega\u0107:<ul><li>zasoby okre\u015blone identyfikatorem URL (adresy \u017c\u0105danych zasob\u00f3w \u2013 stron, plik\u00f3w),<\/li><li>czas nadej\u015bcia zapytania,<\/li><li>czas wys\u0142ania odpowiedzi,<\/li><li>nazw\u0119 stacji klienta \u2013 identyfikacja realizowana przez protok\u00f3\u0142 HTTP,<\/li><li>informacje o b\u0142\u0119dach jakie nast\u0105pi\u0142y przy realizacji transakcji HTTP,<\/li><li>adres URL strony poprzednio odwiedzanej przez u\u017cytkownika (referer link) \u2013 w przypadku gdy przej\u015bcie do Serwisu nast\u0105pi\u0142o przez odno\u015bnik,<\/li><li>informacje o przegl\u0105darce u\u017cytkownika,<\/li><li>informacje o adresie IP,<\/li><li>informacje diagnostyczne zwi\u0105zane z procesem samodzielnego zamawiania us\u0142ug poprzez rejestratory na stronie,<\/li><li>informacje zwi\u0105zane z obs\u0142ug\u0105 poczty elektronicznej kierowanej do Operatora oraz wysy\u0142anej przez Operatora.<\/li><\/ul><\/li><\/ol><p class=\"pb-12\"><strong>4. Twoje prawa i dodatkowe informacje o sposobie wykorzystania danych<\/strong><\/p><ol><li>W niekt\u00f3rych sytuacjach Administrator ma prawo przekazywa\u0107 Twoje dane osobowe innym odbiorcom, je\u015bli b\u0119dzie to niezb\u0119dne do wykonania zawartej z Tob\u0105 umowy lub do zrealizowania obowi\u0105zk\u00f3w ci\u0105\u017c\u0105cych na Administratorze. Dotyczy to takich grup odbiorc\u00f3w:<ul><li>firma hostingowa na zasadzie powierzenia<\/li><li>upowa\u017cnieni pracownicy i wsp\u00f3\u0142pracownicy, kt\u00f3rzy korzystaj\u0105 z danych w celu realizacji celu dzia\u0142ania strony<\/li><\/ul><\/li><li>Twoje dane osobowe przetwarzane przez Administratora nie d\u0142u\u017cej, ni\u017c jest to konieczne do wykonania zwi\u0105zanych z nimi czynno\u015bci okre\u015blonych osobnymi przepisami (np. o prowadzeniu rachunkowo\u015bci). W odniesieniu do danych marketingowych dane nie b\u0119d\u0105 przetwarzane d\u0142u\u017cej ni\u017c przez 3 lata.<\/li><li>Przys\u0142uguje Ci prawo \u017c\u0105dania od Administratora:<ul><li>dost\u0119pu do danych osobowych Ciebie dotycz\u0105cych,<\/li><li>ich sprostowania,<\/li><li>usuni\u0119cia,<\/li><li>ograniczenia przetwarzania,<\/li><li>oraz przenoszenia danych.<\/li><\/ul><\/li><li>Przys\u0142uguje Ci prawo do z\u0142o\u017cenia sprzeciwu w zakresie przetwarzania wskazanego w pkt 3.2 wobec przetwarzania danych osobowych w celu wykonania prawnie uzasadnionych interes\u00f3w realizowanych przez Administratora, w tym profilowania, przy czym prawo sprzeciwu nie b\u0119dzie mog\u0142o by\u0107 wykonane w przypadku istnienia wa\u017cnych prawnie uzasadnionych podstaw do przetwarzania, nadrz\u0119dnych wobec Ciebie interes\u00f3w, praw i wolno\u015bci, w szczeg\u00f3lno\u015bci ustalenia, dochodzenia lub obrony roszcze\u0144.<\/li><li>Na dzia\u0142ania Administratora przys\u0142uguje skarga do Prezesa Urz\u0119du Ochrony Danych Osobowych, ul. Stawki 2, 00-193 Warszawa.<\/li><li>Podanie danych osobowych jest dobrowolne, lecz niezb\u0119dne do obs\u0142ugi Serwisu.<\/li><li>W stosunku do Ciebie mog\u0105 by\u0107 podejmowane czynno\u015bci polegaj\u0105ce na zautomatyzowanym podejmowaniu decyzji, w tym profilowaniu w celu \u015bwiadczenia us\u0142ug w ramach zawartej umowy oraz w celu prowadzenia przez Administratora marketingu bezpo\u015bredniego.<\/li><li>Dane osobowe nie s\u0105 przekazywane od kraj\u00f3w trzecich w rozumieniu przepis\u00f3w o ochronie danych osobowych. Oznacza to, \u017ce nie przesy\u0142amy ich poza teren Unii Europejskiej.<\/li><\/ol><p class=\"pb-12\"><strong>5. Informacje w formularzach<\/strong><\/p><ol><li>Serwis zbiera informacje podane dobrowolnie przez u\u017cytkownika, w tym dane osobowe, o ile zostan\u0105 one podane.<\/li><li>Serwis mo\u017ce zapisa\u0107 informacje o parametrach po\u0142\u0105czenia (oznaczenie czasu, adres IP).<\/li><li>Serwis, w niekt\u00f3rych wypadkach, mo\u017ce zapisa\u0107 informacj\u0119 u\u0142atwiaj\u0105c\u0105 powi\u0105zanie danych w formularzu z adresem e-mail u\u017cytkownika wype\u0142niaj\u0105cego formularz. W takim wypadku adres e-mail u\u017cytkownika pojawia si\u0119 wewn\u0105trz adresu url strony zawieraj\u0105cej formularz.<\/li><li>Dane podane w formularzu s\u0105 przetwarzane w celu wynikaj\u0105cym z funkcji konkretnego formularza, np. w celu dokonania procesu obs\u0142ugi zg\u0142oszenia serwisowego lub kontaktu handlowego, rejestracji us\u0142ug itp. Ka\u017cdorazowo kontekst i opis formularza w czytelny spos\u00f3b informuje, do czego on s\u0142u\u017cy.<\/li><\/ol><p class=\"pb-12\"><strong>6. Logi Administratora<\/strong><\/p><ol><li>Informacje zachowaniu u\u017cytkownik\u00f3w w serwisie mog\u0105 podlega\u0107 logowaniu. Dane te s\u0105 wykorzystywane w celu administrowania serwisem.<\/li><\/ol><p class=\"pb-12\"><strong>7. Istotne techniki marketingowe<\/strong><\/p><ol><li>Operator stosuje analiz\u0119 statystyczn\u0105 ruchu na stronie, poprzez Google Analytics (Google Inc. z siedzib\u0105 w USA). Operator nie przekazuje do operatora tej us\u0142ugi danych osobowych, a jedynie zanonimizowane informacje. Us\u0142uga bazuje na wykorzystaniu ciasteczek w urz\u0105dzeniu ko\u0144cowym u\u017cytkownika. W zakresie informacji o preferencjach u\u017cytkownika gromadzonych przez sie\u0107 reklamow\u0105 Google u\u017cytkownik mo\u017ce przegl\u0105da\u0107 i edytowa\u0107 informacje wynikaj\u0105ce z plik\u00f3w cookies przy pomocy narz\u0119dzia: https:\/\/www.google.com\/ads\/preferences\/<\/li><\/ol><p class=\"pb-12\"><strong>8. Informacja o plikach cookies<\/strong><\/p><ol><li>Serwis korzysta z plik\u00f3w cookies.<\/li><li>Pliki cookies (tzw. \u201eciasteczka\u201d) stanowi\u0105 dane informatyczne, w szczeg\u00f3lno\u015bci pliki tekstowe, kt\u00f3re przechowywane s\u0105 w urz\u0105dzeniu ko\u0144cowym U\u017cytkownika Serwisu i przeznaczone s\u0105 do korzystania ze stron internetowych Serwisu. Cookies zazwyczaj zawieraj\u0105 nazw\u0119 strony internetowej, z kt\u00f3rej pochodz\u0105, czas przechowywania ich na urz\u0105dzeniu ko\u0144cowym oraz unikalny numer.<\/li><li>Podmiotem zamieszczaj\u0105cym na urz\u0105dzeniu ko\u0144cowym U\u017cytkownika Serwisu pliki cookies oraz uzyskuj\u0105cym do nich dost\u0119p jest operator Serwisu.<\/li><li>Pliki cookies wykorzystywane s\u0105 w nast\u0119puj\u0105cych celach:<ol><li>utrzymanie sesji u\u017cytkownika Serwisu (po zalogowaniu), dzi\u0119ki kt\u00f3rej u\u017cytkownik nie musi na ka\u017cdej podstronie Serwisu ponownie wpisywa\u0107 loginu i has\u0142a;<\/li><li>realizacji cel\u00f3w okre\u015blonych powy\u017cej w cz\u0119\u015bci &#8222;Istotne techniki marketingowe&#8221;;<\/li><\/ol><\/li><li>W ramach Serwisu stosowane s\u0105 dwa zasadnicze rodzaje plik\u00f3w cookies: \u201esesyjne\u201d (session cookies) oraz \u201esta\u0142e\u201d (persistent cookies). Cookies \u201esesyjne\u201d s\u0105 plikami tymczasowymi, kt\u00f3re przechowywane s\u0105 w urz\u0105dzeniu ko\u0144cowym U\u017cytkownika do czasu wylogowania, opuszczenia strony internetowej lub wy\u0142\u0105czenia oprogramowania (przegl\u0105darki internetowej). \u201eSta\u0142e\u201d pliki cookies przechowywane s\u0105 w urz\u0105dzeniu ko\u0144cowym U\u017cytkownika przez czas okre\u015blony w parametrach plik\u00f3w cookies lub do czasu ich usuni\u0119cia przez U\u017cytkownika.<\/li><li>Oprogramowanie do przegl\u0105dania stron internetowych (przegl\u0105darka internetowa) zazwyczaj domy\u015blnie dopuszcza przechowywanie plik\u00f3w cookies w urz\u0105dzeniu ko\u0144cowym U\u017cytkownika. U\u017cytkownicy Serwisu mog\u0105 dokona\u0107 zmiany ustawie\u0144 w tym zakresie.\u00a0Przegl\u0105darka internetowa umo\u017cliwia usuni\u0119cie plik\u00f3w cookies. Mo\u017cliwe jest tak\u017ce automatyczne blokowanie plik\u00f3w cookies Szczeg\u00f3\u0142owe informacje na ten temat zawiera pomoc lub dokumentacja przegl\u0105darki internetowej.<\/li><li>Ograniczenia stosowania plik\u00f3w cookies mog\u0105 wp\u0142yn\u0105\u0107 na niekt\u00f3re funkcjonalno\u015bci dost\u0119pne na stronach internetowych Serwisu.<\/li><li>Pliki cookies zamieszczane w urz\u0105dzeniu ko\u0144cowym U\u017cytkownika Serwisu wykorzystywane mog\u0105 by\u0107 r\u00f3wnie\u017c przez wsp\u00f3\u0142pracuj\u0105ce z operatorem Serwisu podmioty, w szczeg\u00f3lno\u015bci dotyczy to firm: Google (Google Inc. z siedzib\u0105 w USA), Facebook (Facebook Inc. z siedzib\u0105 w USA), Twitter (Twitter Inc. z siedzib\u0105 w USA).<\/li><\/ol><p class=\"pb-12\"><strong>9. Zarz\u0105dzanie plikami cookies \u2013 jak w praktyce wyra\u017ca\u0107 i cofa\u0107 zgod\u0119?<\/strong><\/p><ol><li>Je\u015bli u\u017cytkownik nie chce otrzymywa\u0107 plik\u00f3w cookies, mo\u017ce zmieni\u0107 ustawienia przegl\u0105darki. Zastrzegamy, \u017ce wy\u0142\u0105czenie obs\u0142ugi plik\u00f3w cookies niezb\u0119dnych dla proces\u00f3w uwierzytelniania, bezpiecze\u0144stwa, utrzymania preferencji u\u017cytkownika mo\u017ce utrudni\u0107,\u00a0a w skrajnych przypadkach mo\u017ce uniemo\u017cliwi\u0107 korzystanie ze stron www<\/li><li>W celu zarz\u0105dzania ustawienia cookies wybierz z listy poni\u017cej przegl\u0105dark\u0119 internetow\u0105, kt\u00f3rej u\u017cywasz i post\u0119puj zgodnie z instrukcjami:<ul><li><a href=\"https:\/\/support.microsoft.com\/pl-pl\/help\/10607\/microsoft-edge-view-delete-browser-history\">Edge<\/a><\/li><li><a href=\"https:\/\/support.microsoft.com\/pl-pl\/help\/278835\/how-to-delete-cookie-files-in-internet-explorer\">Internet Explorer<\/a><\/li><li><a href=\"http:\/\/support.google.com\/chrome\/bin\/answer.py?hl=pl&amp;answer=95647\">Chrome<\/a><\/li><li><a href=\"http:\/\/support.apple.com\/kb\/PH5042\">Safari<\/a><\/li><li><a href=\"http:\/\/support.mozilla.org\/pl\/kb\/W%C5%82%C4%85czanie%20i%20wy%C5%82%C4%85czanie%20obs%C5%82ugi%20ciasteczek\">Firefox<\/a><\/li><li><a href=\"http:\/\/help.opera.com\/Windows\/12.10\/pl\/cookies.html\">Opera<\/a><\/li><\/ul><p>Urz\u0105dzenia mobilne:<\/p><ul><li><a href=\"http:\/\/support.google.com\/chrome\/bin\/answer.py?hl=pl&amp;answer=95647\">Android<\/a><\/li><li><a href=\"http:\/\/support.apple.com\/kb\/HT1677?viewlocale=pl_PL\">Safari (iOS)<\/a><\/li><li><a href=\"http:\/\/www.windowsphone.com\/pl-pl\/how-to\/wp7\/web\/changing-privacy-and-other-browser-settings\">Windows Phone<\/a><\/li><\/ul><\/li><\/ol><div class=\"disclaimer pt-36\"><p>\u00a0<\/p><\/div>\t\t\t\t\t\t<\/div>\n\t\t\t\t<\/div>\n\t\t\t\t\t<\/div>\n\t\t\t\t<\/div>\n\t\t\t\t<\/div>\n\t\t","protected":false},"excerpt":{"rendered":"<p>Polityka prywatno\u015bci 1. Informacje og\u00f3lne Niniejsza polityka dotyczy Serwisu www, funkcjonuj\u0105cego pod adresem url:\u00a0agminvest.pl Operatorem serwisu oraz Administratorem danych osobowych [&hellip;]<\/p>\n","protected":false},"author":1,"featured_media":0,"parent":0,"menu_order":0,"comment_status":"closed","ping_status":"closed","template":"","meta":{"site-sidebar-layout":"no-sidebar","site-content-layout":"","ast-site-content-layout":"full-width-container","site-content-style":"default","site-sidebar-style":"default","ast-global-header-display":"","ast-banner-title-visibility":"","ast-main-header-display":"","ast-hfb-above-header-display":"","ast-hfb-below-header-display":"","ast-hfb-mobile-header-display":"","site-post-title":"disabled","ast-breadcrumbs-content":"","ast-featured-img":"disabled","footer-sml-layout":"","theme-transparent-header-meta":"enabled","adv-header-id-meta":"","stick-header-meta":"","header-above-stick-meta":"","header-main-stick-meta":"","header-below-stick-meta":"","astra-migrate-meta-layouts":"default","ast-page-background-enabled":"default","ast-page-background-meta":{"desktop":{"background-color":"var(--ast-global-color-4)","background-image":"","background-repeat":"repeat","background-position":"center center","background-size":"auto","background-attachment":"scroll","background-type":"","background-media":"","overlay-type":"","overlay-color":"","overlay-gradient":""},"tablet":{"background-color":"","background-image":"","background-repeat":"repeat","background-position":"center center","background-size":"auto","background-attachment":"scroll","background-type":"","background-media":"","overlay-type":"","overlay-color":"","overlay-gradient":""},"mobile":{"background-color":"","background-image":"","background-repeat":"repeat","background-position":"center center","background-size":"auto","background-attachment":"scroll","background-type":"","background-media":"","overlay-type":"","overlay-color":"","overlay-gradient":""}},"ast-content-background-meta":{"desktop":{"background-color":"var(--ast-global-color-5)","background-image":"","background-repeat":"repeat","background-position":"center center","background-size":"auto","background-attachment":"scroll","background-type":"","background-media":"","overlay-type":"","overlay-color":"","overlay-gradient":""},"tablet":{"background-color":"var(--ast-global-color-5)","background-image":"","background-repeat":"repeat","background-position":"center center","background-size":"auto","background-attachment":"scroll","background-type":"","background-media":"","overlay-type":"","overlay-color":"","overlay-gradient":""},"mobile":{"background-color":"var(--ast-global-color-5)","background-image":"","background-repeat":"repeat","background-position":"center center","background-size":"auto","background-attachment":"scroll","background-type":"","background-media":"","overlay-type":"","overlay-color":"","overlay-gradient":""}},"footnotes":""},"class_list":["post-196","page","type-page","status-publish","hentry"],"_links":{"self":[{"href":"https:\/\/www.agminvest.pl\/index.php?rest_route=\/wp\/v2\/pages\/196","targetHints":{"allow":["GET"]}}],"collection":[{"href":"https:\/\/www.agminvest.pl\/index.php?rest_route=\/wp\/v2\/pages"}],"about":[{"href":"https:\/\/www.agminvest.pl\/index.php?rest_route=\/wp\/v2\/types\/page"}],"author":[{"embeddable":true,"href":"https:\/\/www.agminvest.pl\/index.php?rest_route=\/wp\/v2\/users\/1"}],"replies":[{"embeddable":true,"href":"https:\/\/www.agminvest.pl\/index.php?rest_route=%2Fwp%2Fv2%2Fcomments&post=196"}],"version-history":[{"count":7,"href":"https:\/\/www.agminvest.pl\/index.php?rest_route=\/wp\/v2\/pages\/196\/revisions"}],"predecessor-version":[{"id":377,"href":"https:\/\/www.agminvest.pl\/index.php?rest_route=\/wp\/v2\/pages\/196\/revisions\/377"}],"wp:attachment":[{"href":"https:\/\/www.agminvest.pl\/index.php?rest_route=%2Fwp%2Fv2%2Fmedia&parent=196"}],"curies":[{"name":"wp","href":"https:\/\/api.w.org\/{rel}","templated":true}]}}